{"id":657,"date":"2017-05-26T12:59:56","date_gmt":"2017-05-26T10:59:56","guid":{"rendered":"https:\/\/lesyabel.com\/?page_id=657"},"modified":"2020-02-10T22:37:37","modified_gmt":"2020-02-10T21:37:37","slug":"honoraires","status":"publish","type":"page","link":"https:\/\/lesyabel.com\/?page_id=657&lang=fr","title":{"rendered":"Honoraires"},"content":{"rendered":"<p>Les honoraires sont fix\u00e9s en accord avec le client par le biais d\u2019une convention et avant chaque intervention.<\/p>\n<p>Les honoraires sont d\u00e9termin\u00e9s en fonction de plusieurs crit\u00e8res : du temps pass\u00e9, de la difficult\u00e9 du dossier, des enjeux \u00e9conomiques et financiers. Le client est syst\u00e9matiquement tenu inform\u00e9 de l&#8217;\u00e9tat d&#8217;avancement de son affaire, du temps pass\u00e9 sur le dossier et des diligences accomplies.<\/p>\n<p>Les honoraires peuvent \u00eatre :<\/p>\n<ul>\n<li>au taux horaire : <strong>200 \u20ac HT \/ heure (sauf consultations au cabinet),<\/strong><\/li>\n<li>forfaitaires (s&#8217;il s&#8217;agit d&#8217;une proc\u00e9dure),<\/li>\n<li>de r\u00e9sultat de (10 \u00e0 15 % du r\u00e9sultat gagn\u00e9).<\/li>\n<\/ul>\n<p>Ma\u00eetre\u00a0Lesya Belyaletdinova\u00a0accepte le r\u00e8glement de ses honoraires en plusieurs \u00e9ch\u00e9ances.<\/p>\n<p>Egalement, dans certains dossiers (droit des \u00e9trangers, droit d&#8217;asile, droit des mineurs, DALO\/DAHO, expulsion locative ou autre sur confirmation) elle accepte d\u2019intervenir au titre de l\u2019aide juridictionnelle.<\/p>\n<p><strong>Le tarif d&#8217;une consultation au cabinet est de 150 \u20ac TTC (la dur\u00e9e de la consultation n\u2019est pas limit\u00e9e).<\/strong><\/p>\n<p>Les honoraires de l&#8217;avocat sont soumis \u00e0 la TVA au taux en vigueur, actuellement de 20 %.<\/p>\n","protected":false},"excerpt":{"rendered":"<p>Les honoraires sont fix\u00e9s en accord avec le client par le biais d\u2019une convention et avant chaque intervention. Les honoraires&hellip;<\/p>\n","protected":false},"author":1,"featured_media":0,"parent":0,"menu_order":3,"comment_status":"closed","ping_status":"closed","template":"","meta":{"_acf_changed":false,"footnotes":""},"categories":[],"class_list":["post-657","page","type-page","status-publish","hentry"],"acf":[],"aioseo_notices":[],"_links":{"self":[{"href":"https:\/\/lesyabel.com\/index.php?rest_route=\/wp\/v2\/pages\/657","targetHints":{"allow":["GET"]}}],"collection":[{"href":"https:\/\/lesyabel.com\/index.php?rest_route=\/wp\/v2\/pages"}],"about":[{"href":"https:\/\/lesyabel.com\/index.php?rest_route=\/wp\/v2\/types\/page"}],"author":[{"embeddable":true,"href":"https:\/\/lesyabel.com\/index.php?rest_route=\/wp\/v2\/users\/1"}],"replies":[{"embeddable":true,"href":"https:\/\/lesyabel.com\/index.php?rest_route=%2Fwp%2Fv2%2Fcomments&post=657"}],"version-history":[{"count":5,"href":"https:\/\/lesyabel.com\/index.php?rest_route=\/wp\/v2\/pages\/657\/revisions"}],"predecessor-version":[{"id":775,"href":"https:\/\/lesyabel.com\/index.php?rest_route=\/wp\/v2\/pages\/657\/revisions\/775"}],"wp:attachment":[{"href":"https:\/\/lesyabel.com\/index.php?rest_route=%2Fwp%2Fv2%2Fmedia&parent=657"}],"wp:term":[{"taxonomy":"category","embeddable":true,"href":"https:\/\/lesyabel.com\/index.php?rest_route=%2Fwp%2Fv2%2Fcategories&post=657"}],"curies":[{"name":"wp","href":"https:\/\/api.w.org\/{rel}","templated":true}]}}