{"id":556,"date":"2021-03-03T18:47:58","date_gmt":"2021-03-03T17:47:58","guid":{"rendered":"https:\/\/lesyabel.com\/?page_id=556"},"modified":"2021-08-13T08:05:10","modified_gmt":"2021-08-13T06:05:10","slug":"droit-de-la-famille","status":"publish","type":"page","link":"https:\/\/lesyabel.com\/?page_id=556&lang=fr","title":{"rendered":"Droit de la famille"},"content":{"rendered":"<p>Le cabinet de votre avocat intervient dans les moments difficiles que peut traverser votre famille. Ma\u00eetre Lesya Belyaletdinova sera \u00e0 vos c\u00f4t\u00e9s pour :<\/p>\n<ul>\n<li>donner un conseil juridique relatif au choix du r\u00e9gime matrimonial, au type d&#8217;union \u00e0 contracter (mariage, PACS, concubinage), \u00e0 l&#8217;adoption ou \u00e0 la proc\u00e9dure de reconnaissance de paternit\u00e9,<\/li>\n<li>assister tout au long de la proc\u00e9dure de divorce que ce soit par consentement mutuel ou contentieux,<\/li>\n<li>accompagner lors de la signature des actes (contrat de mariage, convention de divorce)<\/li>\n<\/ul>\n<p>Votre avocat assure \u00e9galement l&#8217;ensemble des contentieux relatifs aux droits de l&#8217;enfant et sur les enfants.<\/p>\n<p>Membre de l&#8217;antenne des mineurs au Barreau de Paris, elle intervient r\u00e9guli\u00e8rement pour d\u00e9fendre les mineurs dans le cadre des affaires p\u00e9nales, mais aussi lors des audiences en assistance \u00e9ducative devant le Juge des enfants.<\/p>\n<p>En cas d&#8217;un diff\u00e9rend entre les parents sur l&#8217;autorit\u00e9 et la garde des enfants, Ma\u00eetre Lesya Belyaletdinova vous assistera dans le parcours parfois compliqu\u00e9 devant le juge aux affaires familiales.<\/p>\n<p>Tout particuli\u00e8rement, votre avocat vous accompagnera si vous \u00eates de <strong>nationalit\u00e9 \u00e9trang\u00e8re ou vous r\u00e9sidez \u00e0 l\u2019\u00e9tranger<\/strong> et vos droits parentaux sont menac\u00e9s ou non respect\u00e9s ou\/et si vous subissez <strong>des violences conjugales<\/strong>.<\/p>\n","protected":false},"excerpt":{"rendered":"<p>Le cabinet de votre avocat intervient dans les moments difficiles que peut traverser votre famille. Ma\u00eetre Lesya Belyaletdinova sera \u00e0&hellip;<\/p>\n","protected":false},"author":1,"featured_media":606,"parent":158,"menu_order":5,"comment_status":"closed","ping_status":"closed","template":"","meta":{"_acf_changed":false,"footnotes":""},"categories":[16],"class_list":["post-556","page","type-page","status-publish","has-post-thumbnail","hentry","category-competences"],"acf":[],"aioseo_notices":[],"_links":{"self":[{"href":"https:\/\/lesyabel.com\/index.php?rest_route=\/wp\/v2\/pages\/556","targetHints":{"allow":["GET"]}}],"collection":[{"href":"https:\/\/lesyabel.com\/index.php?rest_route=\/wp\/v2\/pages"}],"about":[{"href":"https:\/\/lesyabel.com\/index.php?rest_route=\/wp\/v2\/types\/page"}],"author":[{"embeddable":true,"href":"https:\/\/lesyabel.com\/index.php?rest_route=\/wp\/v2\/users\/1"}],"replies":[{"embeddable":true,"href":"https:\/\/lesyabel.com\/index.php?rest_route=%2Fwp%2Fv2%2Fcomments&post=556"}],"version-history":[{"count":9,"href":"https:\/\/lesyabel.com\/index.php?rest_route=\/wp\/v2\/pages\/556\/revisions"}],"predecessor-version":[{"id":795,"href":"https:\/\/lesyabel.com\/index.php?rest_route=\/wp\/v2\/pages\/556\/revisions\/795"}],"up":[{"embeddable":true,"href":"https:\/\/lesyabel.com\/index.php?rest_route=\/wp\/v2\/pages\/158"}],"wp:featuredmedia":[{"embeddable":true,"href":"https:\/\/lesyabel.com\/index.php?rest_route=\/wp\/v2\/media\/606"}],"wp:attachment":[{"href":"https:\/\/lesyabel.com\/index.php?rest_route=%2Fwp%2Fv2%2Fmedia&parent=556"}],"wp:term":[{"taxonomy":"category","embeddable":true,"href":"https:\/\/lesyabel.com\/index.php?rest_route=%2Fwp%2Fv2%2Fcategories&post=556"}],"curies":[{"name":"wp","href":"https:\/\/api.w.org\/{rel}","templated":true}]}}