{"id":554,"date":"2017-05-25T09:01:09","date_gmt":"2017-05-25T07:01:09","guid":{"rendered":"https:\/\/lesyabel.com\/?page_id=554"},"modified":"2021-03-03T18:44:37","modified_gmt":"2021-03-03T17:44:37","slug":"droit-immobilier","status":"publish","type":"page","link":"https:\/\/lesyabel.com\/?page_id=554&lang=fr","title":{"rendered":"Droit au logement et droit de propri\u00e9t\u00e9"},"content":{"rendered":"<p>Le cabinet de votre avocat d\u00e9fend les int\u00e9r\u00eats des propri\u00e9taires des biens, mais il veille \u00e9galement au respect des droits des preneurs et locataires\u00a0: particuliers, commer\u00e7ants, artisans ou professionnels.<\/p>\n<p>&nbsp;<\/p>\n<p>Ma\u00eetre Lesya Belyaletdinova intervient\u00a0:<\/p>\n<p>&#8211; dans les questions de propri\u00e9t\u00e9 :<\/p>\n<ul>\n<li>acquisition et usage des biens,<\/li>\n<li>voisinage,<\/li>\n<li>servitudes,<\/li>\n<li>usufruit,<\/li>\n<li>indivision,<\/li>\n<li>copropri\u00e9t\u00e9,<\/li>\n<li>saisies-immobili\u00e8res<\/li>\n<\/ul>\n<p>&#8211; dans le contentieux locatif\u00a0:<\/p>\n<ul>\n<li>recouvrement des impay\u00e9s de loyers,<\/li>\n<li>r\u00e9siliation du bail et expulsion,<\/li>\n<li>sous-location,<\/li>\n<li>contestation de cong\u00e9 donn\u00e9 par le propri\u00e9taire,<\/li>\n<li>contestation de l\u2019\u00e9tat des lieux,<\/li>\n<li>restitution du d\u00e9p\u00f4t de garantie,<\/li>\n<li>travaux<\/li>\n<\/ul>\n<p>&#8211; dans le contentieux des baux professionnels et commerciaux\u00a0:<\/p>\n<ul>\n<li>renouvellement du bail,<\/li>\n<li>cong\u00e9,<\/li>\n<li>validit\u00e9 des clauses contractuelles,<\/li>\n<li>sous-location,<\/li>\n<li>r\u00e9vision du loyer,<\/li>\n<li>r\u00e9siliation du bail,<\/li>\n<li>acquisition de la clause r\u00e9solutoire<\/li>\n<li>expulsion<\/li>\n<\/ul>\n<p>Ma\u00eetre Lesya Belyaletdinova assiste aussi les personnes qui sont d\u00e9munies d\u2019un logement, alors que <strong>le droit au logement<\/strong> est un droit fondamental. Ainsi, toute personne qui r\u00e9side en France en situation r\u00e9guli\u00e8re et dans des conditions d\u00e9finies par d\u00e9cret en Conseil d&#8217;Etat, mais n\u2019est pas en mesure d\u2019acc\u00e9der au logement par ses propres moyens, a droit de demander \u00e0 l\u2019Etat un logement d\u00e9cent.<\/p>\n<p>Ce droit s\u2019exerce par un recours amiable devant une commission de m\u00e9diation install\u00e9e dans chaque d\u00e9partement.<\/p>\n<p>Si la personne a obtenu une d\u00e9cision n\u00e9gative de la commission de m\u00e9diation ou si elle n\u2019a pas obtenu de proposition de logement adapt\u00e9e apr\u00e8s la d\u00e9cision positive de cette derni\u00e8re, elle peut introduire un recours contentieux devant le tribunal administratif (<strong>recours DALO<\/strong>).<\/p>\n<p>Votre avocat vous d\u00e9fendra dans le cadre de ces recours <strong>\u00e0 titre d\u2019aide juridictionnelle<\/strong>.<\/p>\n","protected":false},"excerpt":{"rendered":"<p>Le cabinet de votre avocat d\u00e9fend les int\u00e9r\u00eats des propri\u00e9taires des biens, mais il veille \u00e9galement au respect des droits&hellip;<\/p>\n","protected":false},"author":1,"featured_media":598,"parent":158,"menu_order":6,"comment_status":"closed","ping_status":"closed","template":"","meta":{"_acf_changed":false,"footnotes":""},"categories":[16],"class_list":["post-554","page","type-page","status-publish","has-post-thumbnail","hentry","category-competences"],"acf":[],"aioseo_notices":[],"_links":{"self":[{"href":"https:\/\/lesyabel.com\/index.php?rest_route=\/wp\/v2\/pages\/554","targetHints":{"allow":["GET"]}}],"collection":[{"href":"https:\/\/lesyabel.com\/index.php?rest_route=\/wp\/v2\/pages"}],"about":[{"href":"https:\/\/lesyabel.com\/index.php?rest_route=\/wp\/v2\/types\/page"}],"author":[{"embeddable":true,"href":"https:\/\/lesyabel.com\/index.php?rest_route=\/wp\/v2\/users\/1"}],"replies":[{"embeddable":true,"href":"https:\/\/lesyabel.com\/index.php?rest_route=%2Fwp%2Fv2%2Fcomments&post=554"}],"version-history":[{"count":5,"href":"https:\/\/lesyabel.com\/index.php?rest_route=\/wp\/v2\/pages\/554\/revisions"}],"predecessor-version":[{"id":714,"href":"https:\/\/lesyabel.com\/index.php?rest_route=\/wp\/v2\/pages\/554\/revisions\/714"}],"up":[{"embeddable":true,"href":"https:\/\/lesyabel.com\/index.php?rest_route=\/wp\/v2\/pages\/158"}],"wp:featuredmedia":[{"embeddable":true,"href":"https:\/\/lesyabel.com\/index.php?rest_route=\/wp\/v2\/media\/598"}],"wp:attachment":[{"href":"https:\/\/lesyabel.com\/index.php?rest_route=%2Fwp%2Fv2%2Fmedia&parent=554"}],"wp:term":[{"taxonomy":"category","embeddable":true,"href":"https:\/\/lesyabel.com\/index.php?rest_route=%2Fwp%2Fv2%2Fcategories&post=554"}],"curies":[{"name":"wp","href":"https:\/\/api.w.org\/{rel}","templated":true}]}}