{"id":493,"date":"2017-05-24T17:45:50","date_gmt":"2017-05-24T15:45:50","guid":{"rendered":"https:\/\/lesyabel.com\/?page_id=493"},"modified":"2017-07-09T19:22:30","modified_gmt":"2017-07-09T17:22:30","slug":"c2","status":"publish","type":"page","link":"https:\/\/lesyabel.com\/?page_id=493&lang=fr","title":{"rendered":"Droit p\u00e9nal"},"content":{"rendered":"<p>Les droits et libert\u00e9s fondamentaux occupent une place centrale dans le droit et la proc\u00e9dure p\u00e9nale tant en ce qui concerne le mis en cause, que la personne pr\u00e9sum\u00e9e victime.<\/p>\n<p>La pr\u00e9somption d\u2019innocence, le droit au proc\u00e8s \u00e9quitable, le droit \u00e0 la d\u00e9fense, l\u2019absence de toute atteinte arbitraire \u00e0 la libert\u00e9, ce sont des garanties pour le mis en cause, dont le respect est veill\u00e9 par l\u2019avocat.<\/p>\n<p>La r\u00e9paration de dommages et int\u00e9r\u00eats caus\u00e9s par l\u2019infraction, le droit \u00e0 la sanction p\u00e9nale doivent \u00eatre ouverts \u00e0 la victime et l\u2019avocat en assure l\u2019obtention.<\/p>\n<p>Dans le\u00a0<strong>domaine p\u00e9nal<\/strong> Ma\u00eetre Lesya Belyaletdinova d\u00e9fend tant les int\u00e9r\u00eats d&#8217;une personne poursuivie, que les int\u00e9r\u00eats de la victime. Elle intervient \u00e0 tous les stades de la proc\u00e9dure: elle assiste la personne gard\u00e9e \u00e0 vue pendant les auditions\u00a0; un pr\u00e9venu devant le\u00a0<strong>Tribunal de police<\/strong>\u00a0ou le\u00a0<strong>Tribunal correctionnel<\/strong><strong>, y compris en comparution imm\u00e9diate<\/strong>; un condamn\u00e9\u00a0devant les juridictions de l\u2019application des peines (<strong>Juge de l\u2019application des peines (JAP)<\/strong>), ainsi que devant les services p\u00e9nitentiaires d\u2019insertion et de probation (<strong>SPIP<\/strong>).<\/p>\n<p>Votre avocat vous accompagne \u00e9galement devant le procureur de la R\u00e9publique dans le cadre de la<strong> comparution sur reconnaissance pr\u00e9alable de culpabilit\u00e9<\/strong> si vous \u00eates mis en cause et reconnaissez votre culpabilit\u00e9, afin de n\u00e9gocier au mieux la peine.<\/p>\n<p>Pendant l\u2019instruction, l\u2019intervention de l\u2019avocat est importante. En effet, il prend connaissance du dossier de la proc\u00e9dure et les faits incrimin\u00e9s pour pouvoir \u00e9tablir une strat\u00e9gie de la d\u00e9fense avec son client le plus t\u00f4t possible. Ma\u00eetre Lesya Belyaletdinova s\u2019entretiendra avec la personne mise en examen aussi bien libre que d\u00e9tenue, demandera des actes qui peuvent s\u2019av\u00e9rer n\u00e9cessaires pour les int\u00e9r\u00eats de son client. Elle l\u2019assistera \u00e9galement \u00e0 toutes auditions et confrontations men\u00e9es par le <strong>juge d\u2019instruction<\/strong>.<\/p>\n<p>Quant \u00e0 la victime, elle est d\u00e9fendue et repr\u00e9sent\u00e9e par Ma\u00eetre Lesya Belyaletdinova en tant que partie civile en vue de se voir attribuer la r\u00e9paration du pr\u00e9judice subi. La victime sera assist\u00e9e par son avocat tout au long de la proc\u00e9dure en faisant sorte que ses droits soient respect\u00e9s et la justice r\u00e9tablie.<\/p>\n<p>En cas d&#8217;urgence, vous pouvez contacter votre avocat par t\u00e9l\u00e9phone ou par email.<\/p>\n","protected":false},"excerpt":{"rendered":"<p>Les droits et libert\u00e9s fondamentaux occupent une place centrale dans le droit et la proc\u00e9dure p\u00e9nale tant en ce qui&hellip;<\/p>\n","protected":false},"author":1,"featured_media":595,"parent":158,"menu_order":2,"comment_status":"closed","ping_status":"closed","template":"","meta":{"_acf_changed":false,"footnotes":""},"categories":[16],"class_list":["post-493","page","type-page","status-publish","has-post-thumbnail","hentry","category-competences"],"acf":[],"aioseo_notices":[],"_links":{"self":[{"href":"https:\/\/lesyabel.com\/index.php?rest_route=\/wp\/v2\/pages\/493","targetHints":{"allow":["GET"]}}],"collection":[{"href":"https:\/\/lesyabel.com\/index.php?rest_route=\/wp\/v2\/pages"}],"about":[{"href":"https:\/\/lesyabel.com\/index.php?rest_route=\/wp\/v2\/types\/page"}],"author":[{"embeddable":true,"href":"https:\/\/lesyabel.com\/index.php?rest_route=\/wp\/v2\/users\/1"}],"replies":[{"embeddable":true,"href":"https:\/\/lesyabel.com\/index.php?rest_route=%2Fwp%2Fv2%2Fcomments&post=493"}],"version-history":[{"count":4,"href":"https:\/\/lesyabel.com\/index.php?rest_route=\/wp\/v2\/pages\/493\/revisions"}],"predecessor-version":[{"id":683,"href":"https:\/\/lesyabel.com\/index.php?rest_route=\/wp\/v2\/pages\/493\/revisions\/683"}],"up":[{"embeddable":true,"href":"https:\/\/lesyabel.com\/index.php?rest_route=\/wp\/v2\/pages\/158"}],"wp:featuredmedia":[{"embeddable":true,"href":"https:\/\/lesyabel.com\/index.php?rest_route=\/wp\/v2\/media\/595"}],"wp:attachment":[{"href":"https:\/\/lesyabel.com\/index.php?rest_route=%2Fwp%2Fv2%2Fmedia&parent=493"}],"wp:term":[{"taxonomy":"category","embeddable":true,"href":"https:\/\/lesyabel.com\/index.php?rest_route=%2Fwp%2Fv2%2Fcategories&post=493"}],"curies":[{"name":"wp","href":"https:\/\/api.w.org\/{rel}","templated":true}]}}