{"id":2,"date":"2017-05-08T16:11:31","date_gmt":"2017-05-08T14:11:31","guid":{"rendered":"https:\/\/lesyabel.com\/?page_id=2"},"modified":"2018-09-14T10:25:14","modified_gmt":"2018-09-14T08:25:14","slug":"about","status":"publish","type":"page","link":"https:\/\/lesyabel.com\/?page_id=2&lang=fr","title":{"rendered":"Avocat de la d\u00e9fense des droits de l&#8217;homme"},"content":{"rendered":"<p>\t\t\t\t<img loading=\"lazy\" decoding=\"async\" src=\"https:\/\/lesyabel.com\/wp-content\/uploads\/2017\/05\/13469572605_2f5fb14af8_z.jpg\" alt=\"13469572605_2f5fb14af8_z\" itemprop=\"image\" height=\"365\" width=\"640\"  \/><\/p>\n<p>Ma\u00eetre Lesya Belyaletdinova, avocat engag\u00e9 dans la d\u00e9fense des droits et libert\u00e9s fondamentaux de l\u2019homme, intervient quotidiennement devant des juridictions nationales et internationales pour lutter contre les atteintes faites aux droits de la personne humaine.<\/p>\n<p>Votre avocat apporte son assistance aux personnes de toute nationalit\u00e9 dans le respect de leurs droits essentiels et garantis par la Convention europ\u00e9enne de sauvegarde des\u00a0droits de l\u2019Homme et des\u00a0libert\u00e9s fondamentales\u00a0:<\/p>\n<ul>\n<li>\u2022 droit \u00a0\u00e0 la vie\u00a0;<\/li>\n<li>\u2022 interdiction de la torture ;<\/li>\n<li>\u2022 interdiction de l\u2019esclavage et du travail forc\u00e9\u00a0;<\/li>\n<li>\u2022 droit\u00a0\u00e0 la\u00a0libert\u00e9\u00a0et \u00e0 la s\u00fbret\u00e9\u00a0;<\/li>\n<li>\u2022 droit \u00e0 un proc\u00e8s \u00e9quitable ;<\/li>\n<li>\u2022 droit\u00a0au respect de la vie priv\u00e9e et familiale\u00a0;<\/li>\n<li>\u2022 libert\u00e9 de pens\u00e9e, de conscience et de religion\u00a0;<\/li>\n<li>\u2022 libert\u00e9 d\u2019expression\u00a0;<\/li>\n<li>\u2022 libert\u00e9\u00a0de r\u00e9union et d\u2019association\u00a0;<\/li>\n<li>\u2022 droit au mariage\u00a0;<\/li>\n<li>\u2022 droit\u00a0\u00e0 un recours effectif\u00a0;<\/li>\n<li>\u2022 interdiction de discrimination ;<\/li>\n<li>\u2022 interdiction de l\u2019abus de\u00a0droits\u00a0;<\/li>\n<li>\u2022 protection des biens\u00a0;<\/li>\n<li>\u2022 droit\u00a0\u00e0 l\u2019instruction ;<\/li>\n<li>\u2022 libert\u00e9\u00a0de circulation.<\/li>\n<\/ul>\n<p>Les domaines du droit principalement exerc\u00e9s par Ma\u00eetre Lesya Belyaletdinova, \u00e0 savoir le droit des \u00e9trangers, le droit p\u00e9nal, le droit du travail, le droit des biens et de la propri\u00e9t\u00e9, droit commercial, sont les principaux champs d\u2019application des libert\u00e9s et droits fondamentaux.<\/p>\n<p>Dipl\u00f4m\u00e9 en droit fran\u00e7ais (Master 2 Droit International et europ\u00e9en, Universit\u00e9 PARIS XII) et en droit russe (Master 2, Universit\u00e9 LOMONOSSOV de Moscou), Ma\u00eetre Lesya Belyaletdinova exerce son activit\u00e9 d\u2019avocat en France depuis octobre 2014. Elle parle fran\u00e7ais, russe et anglais.<\/p>\n<p>Son cabinet, situ\u00e9 85 boulevard de Courcelles \u00e0 Paris (8\u00e8me arrondissement), est ouvert du lundi au vendredi de 9h \u00e0 19h.<\/p>\n","protected":false},"excerpt":{"rendered":"<p>Ma\u00eetre Lesya Belyaletdinova, avocat engag\u00e9 dans la d\u00e9fense des droits et libert\u00e9s fondamentaux de l\u2019homme, intervient quotidiennement devant des juridictions&hellip;<\/p>\n","protected":false},"author":1,"featured_media":0,"parent":0,"menu_order":1,"comment_status":"closed","ping_status":"closed","template":"","meta":{"_acf_changed":false,"footnotes":""},"categories":[],"class_list":["post-2","page","type-page","status-publish","hentry"],"acf":[],"aioseo_notices":[],"_links":{"self":[{"href":"https:\/\/lesyabel.com\/index.php?rest_route=\/wp\/v2\/pages\/2","targetHints":{"allow":["GET"]}}],"collection":[{"href":"https:\/\/lesyabel.com\/index.php?rest_route=\/wp\/v2\/pages"}],"about":[{"href":"https:\/\/lesyabel.com\/index.php?rest_route=\/wp\/v2\/types\/page"}],"author":[{"embeddable":true,"href":"https:\/\/lesyabel.com\/index.php?rest_route=\/wp\/v2\/users\/1"}],"replies":[{"embeddable":true,"href":"https:\/\/lesyabel.com\/index.php?rest_route=%2Fwp%2Fv2%2Fcomments&post=2"}],"version-history":[{"count":27,"href":"https:\/\/lesyabel.com\/index.php?rest_route=\/wp\/v2\/pages\/2\/revisions"}],"predecessor-version":[{"id":744,"href":"https:\/\/lesyabel.com\/index.php?rest_route=\/wp\/v2\/pages\/2\/revisions\/744"}],"wp:attachment":[{"href":"https:\/\/lesyabel.com\/index.php?rest_route=%2Fwp%2Fv2%2Fmedia&parent=2"}],"wp:term":[{"taxonomy":"category","embeddable":true,"href":"https:\/\/lesyabel.com\/index.php?rest_route=%2Fwp%2Fv2%2Fcategories&post=2"}],"curies":[{"name":"wp","href":"https:\/\/api.w.org\/{rel}","templated":true}]}}